{"id":1718,"date":"2020-09-17T10:26:38","date_gmt":"2020-09-17T10:26:38","guid":{"rendered":"https:\/\/xavierballart.uab.cat\/?page_id=1718"},"modified":"2026-02-02T07:23:22","modified_gmt":"2026-02-02T07:23:22","slug":"home","status":"publish","type":"page","link":"https:\/\/xavierballart.uab.cat\/","title":{"rendered":"Home"},"content":{"rendered":"\n<div class=\"wp-block-cover alignfull is-light\" style=\"min-height:650px;aspect-ratio:unset;\"><span aria-hidden=\"true\" class=\"wp-block-cover__background has-background-dim-40 has-background-dim\" style=\"background-color:#313131\"><\/span><img loading=\"lazy\" decoding=\"async\" width=\"1920\" height=\"1080\" class=\"wp-block-cover__image-background wp-image-1906\" alt=\"\" src=\"https:\/\/xavierballart.uab.cat\/wp-content\/uploads\/2021\/07\/Fondo.jpg\" data-object-fit=\"cover\" srcset=\"https:\/\/xavierballart.uab.cat\/wp-content\/uploads\/2021\/07\/Fondo.jpg 1920w, https:\/\/xavierballart.uab.cat\/wp-content\/uploads\/2021\/07\/Fondo-300x169.jpg 300w, https:\/\/xavierballart.uab.cat\/wp-content\/uploads\/2021\/07\/Fondo-1024x576.jpg 1024w, https:\/\/xavierballart.uab.cat\/wp-content\/uploads\/2021\/07\/Fondo-768x432.jpg 768w, https:\/\/xavierballart.uab.cat\/wp-content\/uploads\/2021\/07\/Fondo-1536x864.jpg 1536w\" sizes=\"auto, (max-width: 1920px) 100vw, 1920px\" \/><div class=\"wp-block-cover__inner-container is-layout-flow wp-block-cover-is-layout-flow\">\n<h4 class=\"wp-block-heading\"><\/h4>\n\n\n\n<h1 class=\"wp-block-heading has-white-color has-text-color\">Xavier Ballart<\/h1>\n\n\n\n<p>Professor&nbsp;of Political and Administrative Sciences<br>at Universitat Autonoma de Barcelona<\/p>\n\n\n\n<p><\/p>\n\n\n\n<div class=\"wp-block-buttons is-layout-flex wp-block-buttons-is-layout-flex\"><\/div>\n<\/div><\/div>\n\n\n\n<div class=\"wp-block-group alignfull has-white-background-color has-background is-layout-flow wp-block-group-is-layout-flow\">\n<div class=\"wp-block-media-text alignwide is-stacked-on-mobile is-vertically-aligned-center\" style=\"grid-template-columns:33% auto\"><figure class=\"wp-block-media-text__media\"><img loading=\"lazy\" decoding=\"async\" width=\"597\" height=\"1000\" src=\"https:\/\/xavierballart.uab.cat\/wp-content\/uploads\/2022\/10\/Ballart.jpg\" alt=\"\" class=\"wp-image-2141 size-full\" srcset=\"https:\/\/xavierballart.uab.cat\/wp-content\/uploads\/2022\/10\/Ballart.jpg 597w, https:\/\/xavierballart.uab.cat\/wp-content\/uploads\/2022\/10\/Ballart-179x300.jpg 179w\" sizes=\"auto, (max-width: 597px) 100vw, 597px\" \/><\/figure><div class=\"wp-block-media-text__content\">\n<h2 class=\"wp-block-heading\"><strong>Welcome<\/strong><\/h2>\n\n\n\n<p>Welcome to my personal web page. I am&nbsp;<strong>Xavier Ballart,<\/strong>&nbsp;Professor&nbsp;of Political and Administrative Sciences at Universitat Autonoma de Barcelona. This web page is intended to keep people informed about my academic and professional activities.<\/p>\n\n\n\n<p>My first research interest was centered on <strong>the evaluation of public policies<\/strong> and on the use of different methods to analyze the effects of public interventions in various policy areas.<\/p>\n\n\n\n<p>I also dedicated some years to the <strong>study of public administration<\/strong>, mostly in Spain but with a open perspective of developments in other European countries including the EU Commission. This initial interest evolved into the study of successful <strong>cases of innovation<\/strong> and has been more connected to teaching than the other streams of my research.<\/p>\n\n\n\n<p>In the last ten years I have worked on <strong>public service motivation<\/strong> (PSM) and on the <strong>performance <\/strong>of public services. Concerning PSM, I have worked on job selection and the role of PSM, on the measurement of PSM and on the relation between PSM and unethical behavior. My recent research on public services performance connects with my initial interest on public policy evaluation and it has produced various studies on the relation between objective and subjective measures of performance and on factors that influence the relations among citizens\u2019 expectations, perceived performance and satisfaction with public services. One recent research stream has chosen public primary health services as the object of analysis. I have worker on the comparative analysis of the performance of primary health centers and on the impact of management autonomy on their results and on the motivation of professionals.<\/p>\n\n\n\n<p>A new line of inquiry that I am currently developing focusses on <strong>administrative burden<\/strong> on both citizens and professionals. I have started to work on the effects on professionals and their motivation but I would like to include the effects of administrative burden on citizen satisfaction with public services. A rather natural development of administrative burden is the analysis of the barriers that citizens experiment in their relation with public administration, particularly vulnerable population. This is something I hope to include in my research agenda in the coming years.&nbsp;&nbsp; &nbsp;&nbsp;<\/p>\n<\/div><\/div>\n\n\n\n<p><a href=\"https:\/\/orcid.org\/0000-0002-8256-6512\" target=\"_blank\" rel=\"noopener\"><img loading=\"lazy\" decoding=\"async\" class=\"wp-image-2102\" src=\"https:\/\/xavierballart.uab.cat\/wp-content\/uploads\/2021\/09\/Orcid.jpg\" alt=\"\" width=\"73\" height=\"23\"><\/a>&nbsp;<a href=\"https:\/\/scholar.google.es\/citations?user=R2UdTIsAAAAJ&amp;hl=ca\" target=\"_blank\" rel=\"noopener\"><img loading=\"lazy\" decoding=\"async\" class=\"wp-image-2105\" src=\"https:\/\/xavierballart.uab.cat\/wp-content\/uploads\/2021\/09\/GoogleSchoolar.jpg\" alt=\"\" width=\"142\" height=\"24\"><\/a><a href=\"https:\/\/scholar.google.es\/citations?user=R2UdTIsAAAAJ&amp;hl=ca\" target=\"_blank\" rel=\"noopener\">&nbsp;<\/a><a href=\"https:\/\/uab.academia.edu\/XavierBallart?from_navbar=true\" target=\"_blank\" rel=\"noopener\"><img loading=\"lazy\" decoding=\"async\" class=\"wp-image-2107\" src=\"https:\/\/xavierballart.uab.cat\/wp-content\/uploads\/2021\/09\/Academia.jpg\" alt=\"\" width=\"115\" height=\"22\"><\/a><a href=\"https:\/\/scholar.google.es\/citations?user=R2UdTIsAAAAJ&amp;hl=ca\" target=\"_blank\" rel=\"noopener\">&nbsp;<\/a><a href=\"https:\/\/www.researchgate.net\/profile\/Xavier-Ballart\" target=\"_blank\" rel=\"noopener\"><img loading=\"lazy\" decoding=\"async\" class=\"wp-image-2110\" src=\"https:\/\/xavierballart.uab.cat\/wp-content\/uploads\/2021\/09\/ResearchGate.jpg\" alt=\"\" width=\"90\" height=\"25\"><\/a><\/p>\n\n\n\n<p><\/p>\n<\/div>\n\n\n\n<div class=\"wp-block-group alignfull has-background is-layout-flow wp-block-group-is-layout-flow\" style=\"background-color:#f3f3f3\">\n<h2 class=\"wp-block-heading has-text-align-center\">Bienvenidos<\/h2>\n\n\n\n<p>Bienvenidos a mi p\u00e1gina personal. Soy Xavier Ballart, Catedr\u00e1tico de Ciencia Pol\u00edtica y de la Administraci\u00f3n en la UAB. Esta web ha sido dise\u00f1ada con la intenci\u00f3n de ofrecer informaci\u00f3n sobre mis actividades acad\u00e9micas y profesionales.<\/p>\n\n\n\n<p>Mi inter\u00e9s inicial de investigaci\u00f3n se centr\u00f3 en la evaluaci\u00f3n de pol\u00edticas p\u00fablicas y en el uso de diferentes m\u00e9todos para analizar los efectos de las intervenciones p\u00fablicas en diversas \u00e1reas de pol\u00edtica p\u00fablica.<\/p>\n\n\n\n<p>Tambi\u00e9n dediqu\u00e9 algunos a\u00f1os al estudio de la administraci\u00f3n p\u00fablica, principalmente espa\u00f1ola, pero con una perspectiva abierta de los cambios en otros pa\u00edses europeos, incluida la Comisi\u00f3n de la UE. Este inter\u00e9s evolucion\u00f3 hacia el estudio de casos de \u00e9xito de innovaci\u00f3n que he intentado conectar con la docencia y con el desarrollo de un programa de casos en la UAB que ahora retoma un nuevo impulso.<\/p>\n\n\n\n<p>En los \u00faltimos diez a\u00f1os he trabajado en la motivaci\u00f3n para el servicio p\u00fablico (PSM) y en el an\u00e1lisis de la performance de los servicios p\u00fablicos. En cuanto a PSM, he trabajado en las opciones de carrera profesional y en el role de la PSM en estas decisiones, en la medici\u00f3n de PSM y en la relaci\u00f3n entre PSM y comportamiento no \u00e9tico. Mi investigaci\u00f3n reciente sobre performance de los servicios p\u00fablicos conecta con mi inter\u00e9s inicial en la evaluaci\u00f3n de pol\u00edticas p\u00fablicas y ha producido varios estudios sobre la relaci\u00f3n entre las medidas objetivas y subjetivas de performance y sobre los factores que influyen en las relaciones entre las expectativas de los ciudadanos, la performance percibida y la satisfacci\u00f3n con los servicios. Mi l\u00ednea de investigaci\u00f3n m\u00e1s reciente se centra en los servicios p\u00fablicos de atenci\u00f3n primaria en sanidad desarrollando el an\u00e1lisis comparativo de la performance de los centros de atenci\u00f3n primaria y el estudio del impacto de una mayor autonom\u00eda de gesti\u00f3n en sus resultados y en la motivaci\u00f3n de los profesionales.<\/p>\n\n\n\n<p>Una nueva l\u00ednea de investigaci\u00f3n que empiezo a desarrollar se centra en la carga administrativa (administrative burden) tanto para los ciudadanos como para los profesionales. Inicialmente he optado por trabajar sobre los efectos en los profesionales y su motivaci\u00f3n, pero me gustar\u00eda incluir los efectos de la carga administrativa en la satisfacci\u00f3n de los ciudadanos con los servicios p\u00fablicos. Un desarrollo bastante natural de los estudios de administrative burden consiste en analizar las barreras que experimentan los ciudadanos en su relaci\u00f3n con la administraci\u00f3n p\u00fablica, especialmente la poblaci\u00f3n vulnerable. Esta es una cuesti\u00f3n que espero incluir en mi agenda de investigaci\u00f3n en los pr\u00f3ximos a\u00f1os.<\/p>\n\n\n\n<p>.<\/p>\n<\/div>\n\n\n\n<div class=\"wp-block-group alignfull has-white-background-color has-background is-layout-flow wp-block-group-is-layout-flow\">\n<h2 class=\"wp-block-heading has-text-align-center\"> Benvinguts <\/h2>\n\n\n\n<p>Benvinguts a la meva p\u00e0gina personal. Soc Xavier Ballart, Catedr\u00e0tic de Ci\u00e8ncia Pol\u00edtica i de l\u2019Administraci\u00f3 de la UAB. En aquesta web trobareu informaci\u00f3 sobre les meves activitats acad\u00e8miques i professionals.<\/p>\n\n\n\n<p>El meu primer inter\u00e8s de recerca es va centrar en l&#8217;avaluaci\u00f3 de pol\u00edtiques p\u00fabliques i en l&#8217;\u00fas de diferents m\u00e8todes per analitzar els efectes de les intervencions p\u00fabliques en diverses \u00e0rees de pol\u00edtica p\u00fablica.<\/p>\n\n\n\n<p>Tamb\u00e9 vaig dedicar alguns anys a l&#8217;estudi de l&#8217;administraci\u00f3 p\u00fablica, principalment espanyola per\u00f2 amb una perspectiva oberta dels canvis a altres pa\u00efsos europeus, inclosa la Comissi\u00f3 de la UE. Aquest inter\u00e8s inicial va evolucionar cap a l\u2019estudi de casos d\u2019\u00e8xit d\u2019innovaci\u00f3 que he intentat connectar amb la doc\u00e8ncia i amb el desenvolupament d\u2019un programa de casos a la UAB que ara estic impulsant amb nous casos.<\/p>\n\n\n\n<p>En els darrers deu anys he treballat en la motivaci\u00f3 per al servei p\u00fablic (PSM) i en l&#8217;an\u00e0lisi de la performance dels serveis p\u00fablics. Pel que fa a PSM, he treballat en les opcions de carrera professionals i en el rol de la PSM en aquestes decisions, en la mesura de PSM i en la relaci\u00f3 entre PSM i comportament no \u00e8tic. La meva investigaci\u00f3 recent sobre performance dels serveis p\u00fablics connecta amb el meu inter\u00e8s inicial en l&#8217;avaluaci\u00f3 de pol\u00edtiques p\u00fabliques i ha produ\u00eft diversos estudis sobre la relaci\u00f3 entre les mesures objectives i subjectives de performance i sobre els factors que influeixen en les relacions entre les expectatives dels ciutadans, la performance percebuda i la satisfacci\u00f3 amb els serveis. La meva l\u00ednia de recerca m\u00e9s recent se centra en els serveis p\u00fablics d&#8217;atenci\u00f3 prim\u00e0ria a la sanitat, en l&#8217;an\u00e0lisi comparativa de la performance dels centres d&#8217;atenci\u00f3 prim\u00e0ria i en l&#8217;impacte d\u2019una major autonomia de gesti\u00f3 en els resultats i en la motivaci\u00f3 dels professionals. Una nova l\u00ednia de recerca que comen\u00e7o a desenvolupar es centra en la c\u00e0rrega administrativa (administrative burden) tant pels ciutadans com pels professionals. Inicialment he optat per treballar sobre els efectes en els professionals i la seva motivaci\u00f3, per\u00f2 m&#8217;agradaria incloure els efectes de la c\u00e0rrega administrativa en la satisfacci\u00f3 dels ciutadans amb els serveis p\u00fablics. Un desenvolupament for\u00e7a natural dels estudis de c\u00e0rrega administrativa consisteix a analitzar les barreres que experimenten els ciutadans en la relaci\u00f3 amb l&#8217;administraci\u00f3 p\u00fablica, especialment la poblaci\u00f3 m\u00e9s vulnerable. Aquesta \u00e9s una q\u00fcesti\u00f3 que espero incloure a la meva agenda de recerca en els propers anys.<\/p>\n<\/div>\n","protected":false},"excerpt":{"rendered":"<p>Welcome Welcome to my personal web page. I am&nbsp;Xavier Ballart,&nbsp;Professor&nbsp;of Political and Administrative Sciences at Universitat Autonoma de Barcelona. This web page is intended to keep people informed about my academic and professional activities. My first research interest was centered on the evaluation of public policies and on the use of different methods to analyze [&hellip;]<\/p>\n","protected":false},"author":2,"featured_media":0,"parent":0,"menu_order":0,"comment_status":"closed","ping_status":"closed","template":"","meta":{"site-sidebar-layout":"no-sidebar","site-content-layout":"plain-container","ast-site-content-layout":"normal-width-container","site-content-style":"unboxed","site-sidebar-style":"unboxed","ast-global-header-display":"","ast-banner-title-visibility":"","ast-main-header-display":"","ast-hfb-above-header-display":"","ast-hfb-below-header-display":"","ast-hfb-mobile-header-display":"","site-post-title":"disabled","ast-breadcrumbs-content":"","ast-featured-img":"disabled","footer-sml-layout":"","theme-transparent-header-meta":"default","adv-header-id-meta":"","stick-header-meta":"","header-above-stick-meta":"","header-main-stick-meta":"","header-below-stick-meta":"","astra-migrate-meta-layouts":"set","ast-page-background-enabled":"default","ast-page-background-meta":{"desktop":{"background-color":"","background-image":"","background-repeat":"repeat","background-position":"center center","background-size":"auto","background-attachment":"scroll","background-type":"","background-media":"","overlay-type":"","overlay-color":"","overlay-opacity":"","overlay-gradient":""},"tablet":{"background-color":"","background-image":"","background-repeat":"repeat","background-position":"center center","background-size":"auto","background-attachment":"scroll","background-type":"","background-media":"","overlay-type":"","overlay-color":"","overlay-opacity":"","overlay-gradient":""},"mobile":{"background-color":"","background-image":"","background-repeat":"repeat","background-position":"center center","background-size":"auto","background-attachment":"scroll","background-type":"","background-media":"","overlay-type":"","overlay-color":"","overlay-opacity":"","overlay-gradient":""}},"ast-content-background-meta":{"desktop":{"background-color":"var(--ast-global-color-5)","background-image":"","background-repeat":"repeat","background-position":"center center","background-size":"auto","background-attachment":"scroll","background-type":"","background-media":"","overlay-type":"","overlay-color":"","overlay-opacity":"","overlay-gradient":""},"tablet":{"background-color":"var(--ast-global-color-5)","background-image":"","background-repeat":"repeat","background-position":"center center","background-size":"auto","background-attachment":"scroll","background-type":"","background-media":"","overlay-type":"","overlay-color":"","overlay-opacity":"","overlay-gradient":""},"mobile":{"background-color":"var(--ast-global-color-5)","background-image":"","background-repeat":"repeat","background-position":"center center","background-size":"auto","background-attachment":"scroll","background-type":"","background-media":"","overlay-type":"","overlay-color":"","overlay-opacity":"","overlay-gradient":""}},"footnotes":""},"class_list":["post-1718","page","type-page","status-publish","hentry"],"_links":{"self":[{"href":"https:\/\/xavierballart.uab.cat\/index.php?rest_route=\/wp\/v2\/pages\/1718","targetHints":{"allow":["GET"]}}],"collection":[{"href":"https:\/\/xavierballart.uab.cat\/index.php?rest_route=\/wp\/v2\/pages"}],"about":[{"href":"https:\/\/xavierballart.uab.cat\/index.php?rest_route=\/wp\/v2\/types\/page"}],"author":[{"embeddable":true,"href":"https:\/\/xavierballart.uab.cat\/index.php?rest_route=\/wp\/v2\/users\/2"}],"replies":[{"embeddable":true,"href":"https:\/\/xavierballart.uab.cat\/index.php?rest_route=%2Fwp%2Fv2%2Fcomments&post=1718"}],"version-history":[{"count":55,"href":"https:\/\/xavierballart.uab.cat\/index.php?rest_route=\/wp\/v2\/pages\/1718\/revisions"}],"predecessor-version":[{"id":2174,"href":"https:\/\/xavierballart.uab.cat\/index.php?rest_route=\/wp\/v2\/pages\/1718\/revisions\/2174"}],"wp:attachment":[{"href":"https:\/\/xavierballart.uab.cat\/index.php?rest_route=%2Fwp%2Fv2%2Fmedia&parent=1718"}],"curies":[{"name":"wp","href":"https:\/\/api.w.org\/{rel}","templated":true}]}}