{"id":1984,"date":"2021-08-25T20:00:39","date_gmt":"2021-08-25T20:00:39","guid":{"rendered":"https:\/\/xavierballart.uab.cat\/?page_id=1984"},"modified":"2026-02-02T07:23:22","modified_gmt":"2026-02-02T07:23:22","slug":"books","status":"publish","type":"page","link":"https:\/\/xavierballart.uab.cat\/?page_id=1984","title":{"rendered":"Books"},"content":{"rendered":"\n<div class=\"wp-block-cover alignfull has-black-background-color has-background-dim is-position-center-center\" style=\"min-height:450px;aspect-ratio:unset;\"><img loading=\"lazy\" decoding=\"async\" width=\"1920\" height=\"1080\" class=\"wp-block-cover__image-background wp-image-1906\" alt=\"\" src=\"http:\/\/xavierballart.uab.cat\/wp-content\/uploads\/2021\/07\/Fondo.jpg\" data-object-fit=\"cover\" srcset=\"https:\/\/xavierballart.uab.cat\/wp-content\/uploads\/2021\/07\/Fondo.jpg 1920w, https:\/\/xavierballart.uab.cat\/wp-content\/uploads\/2021\/07\/Fondo-300x169.jpg 300w, https:\/\/xavierballart.uab.cat\/wp-content\/uploads\/2021\/07\/Fondo-1024x576.jpg 1024w, https:\/\/xavierballart.uab.cat\/wp-content\/uploads\/2021\/07\/Fondo-768x432.jpg 768w, https:\/\/xavierballart.uab.cat\/wp-content\/uploads\/2021\/07\/Fondo-1536x864.jpg 1536w\" sizes=\"auto, (max-width: 1920px) 100vw, 1920px\" \/><div class=\"wp-block-cover__inner-container is-layout-flow wp-block-cover-is-layout-flow\">\n<h1 class=\"has-text-align-center has-white-color has-text-color wp-block-heading\">Books<\/h1>\n<\/div><\/div>\n\n\n\n<div class=\"wp-block-group alignfull has-background is-layout-flow wp-block-group-is-layout-flow\" style=\"background:linear-gradient(180deg,rgb(255,255,255) 0%,rgb(247,247,247) 100%)\">\n<p><strong>BOOKS &nbsp;&nbsp;<\/strong><\/p>\n\n\n\n<p>2016&nbsp;<strong>Ballart<\/strong>, X, Rico G., Ripoll, G.&nbsp;<em>La motivaci\u00f3n en los servicios p\u00fablicos: An\u00e1lisis emp\u00edrico de sus antecedentes y de sus efectos<\/em>. Madrid : Intituto Nacional de Administraci\u00f3n P\u00fablica.<\/p>\n\n\n\n<p>2012 Vall\u00e8s J.M.;&nbsp;&nbsp;<strong>Ballart<\/strong>, X.&nbsp;<em>Pol\u00edtica para Apol\u00edticos<\/em>. Barcelona: Ariel.<\/p>\n\n\n\n<p><a href=\"http:\/\/xavierballart.uab.cat\/wp-content\/uploads\/2021\/08\/EAPC-Indicadors-de-Rendiment-Gestio-de-la-Salut-a-Catalunya.pdf\" target=\"_blank\" rel=\"noreferrer noopener\">2010&nbsp;<strong>Ballart<\/strong>, X.; Monterde, L.&nbsp;<em>Indicadors de Rendiment en la Gesti\u00f3 de la Salut a Catalunya<\/em>. Barcelona: Generalitat de Catalunya, EAPC.<\/a><\/p>\n\n\n\n<p><a href=\"http:\/\/xavierballart.uab.cat\/wp-content\/uploads\/2021\/08\/Conclusiones-Innovacion-en-la-Gestion-Publica-y-en-la-Empresa-Privada.pdf\" target=\"_blank\" rel=\"noreferrer noopener\">2001&nbsp;<strong>Ballart<\/strong>, X.&nbsp;<em>Innovaci\u00f3n en la gesti\u00f3n p\u00fablica y en la empresa privada: los casos de Oscar Fanjul, Pedro Fontana, Alberto Ledesma, Merc\u00e8 Sala y Rafael Villaseca.<\/em>&nbsp;Madrid: Ediciones D\u00edaz de Santos.<\/a><\/p>\n\n\n\n<p>2000&nbsp;<strong>Ballart<\/strong>, X.;&nbsp; Rami\u00f3, C.&nbsp;<em>Ciencia de la Administraci\u00f3n<\/em>. Valencia: Tirant lo Blanch.<\/p>\n\n\n\n<p>1993 Rami\u00f3 C.;&nbsp;<strong>Ballart<\/strong>, X.&nbsp;<em>Lecturas de Teor\u00eda de la Organizaci\u00f3n.<\/em>&nbsp;(2 vol\u00famenes). Madrid: Ministerio para las Administraciones P\u00fablicas.<\/p>\n\n\n\n<p>1992&nbsp;<strong>Ballart<\/strong>, X.&nbsp;<em>\u00bfC\u00f3mo evaluar programas y servicios p\u00fablicos? Aproximaci\u00f3n sistem\u00e1tica y Estudios de Caso.<\/em>&nbsp;Madrid: Instituto Nacional de Administraci\u00f3n P\u00fablica.<\/p>\n\n\n\n<p>1987&nbsp;<strong>Ballart<\/strong>, X.&nbsp;<em>Coerci\u00f3 estatal i autonomies. L\u2019article 155 de la Constituci\u00f3 de 1978.<\/em>&nbsp;Barcelona, Generalitat de Catalunya.<\/p>\n\n\n\n<p><\/p>\n\n\n\n<p><\/p>\n\n\n\n<p><strong>BOOK CHAPTERS<\/strong><\/p>\n\n\n\n<p>2023 <strong>Ballart<\/strong>, X.; Fuentes G.\u00a0Examining Improvement of Mixed Health Care Systems in Latin America. Equity and Quality of Health services in Uruguay, in Howard Palley (editor)<em>The Public\/Private Sector Mix in Healthcare. A Comparative Study.<\/em>\u00a0Oxford University Press, New York, NY\u00a0<\/p>\n\n\n\n<p><a rel=\"noreferrer noopener\" href=\"http:\/\/xavierballart.uab.cat\/wp-content\/uploads\/2021\/08\/Budget-Reform-in-Spain-Wana-edition-December-2008.pdf\" target=\"_blank\">2010\u00a0<strong>Ballart<\/strong>, X.; Zapico, E. Budget Reforms in Spain: Anything Else Beyond Budget Discipline? In Wanna, J.; Lotte, J.; DeVries, J.\u00a0<em>The reality of Budgetary Reform in OECD Nations. Trajectories and Consequences.<\/em>\u00a0Chelteham: Edward Elgar.<\/a><\/p>\n\n\n\n<p><a href=\"http:\/\/xavierballart.uab.cat\/wp-content\/uploads\/2021\/08\/The-Study-of-Public-Management-in-Spain.pdf\" target=\"_blank\" rel=\"noreferrer noopener\">2008&nbsp;<strong>Ballart<\/strong>, X. The Study of Public Management in Spain. An Interdisciplinaty and Ill-Defined Terrain. In Kickert, W.&nbsp;<em>The Study of Public Management in Europe and the US. A Competitive Analysis of National Distinctiveness.<\/em>&nbsp;London: Routledge.<\/a><\/p>\n\n\n\n<p><a href=\"http:\/\/xavierballart.uab.cat\/wp-content\/uploads\/2021\/08\/Public-Services-for-Long-Term-Unemployment.pdf\" target=\"_blank\" rel=\"noreferrer noopener\">2008&nbsp;<strong>Ballart<\/strong>, X. Public Services for the Long-Term Unemployed in Spain. Innovation or Compliance? In Di Domenico, G.; Spattini, S.&nbsp;<em>New European Approaches to Long-Term Unemployment.<\/em>&nbsp;Amsterdam: Kluwer.<\/a><\/p>\n\n\n\n<p><a href=\"http:\/\/158.109.137.58\/ballart\/wp-content\/uploads\/2017\/03\/A-New-Model-of-Primary-Health-Care-in-Catalonia.pdf\" target=\"_blank\" rel=\"noreferrer noopener\">2007&nbsp;<strong>Ballart<\/strong>, X. A New Model of Primary Health Care in Catalonia. In Smyrl, M.&nbsp;<em>Accounting for Change<\/em>. London: Palgrave.<\/a><\/p>\n\n\n\n<p><a href=\"http:\/\/xavierballart.uab.cat\/wp-content\/uploads\/2021\/08\/Evaluation-Knowledge-for-Strategic-Budgeting.pdf\" target=\"_blank\" rel=\"noreferrer noopener\">2005&nbsp;<strong>Ballart<\/strong>, X.; Zapico, E. Evaluation Knowledge for Strategic Budgeting.In Rist, R. ; Stame, N.&nbsp;<em>From Studies to Streams. Managing Evaluative Systems<\/em>. New Brunswick: Transaction Publishers.<\/a><\/p>\n\n\n\n<p><a href=\"http:\/\/158.109.137.58\/ballart\/wp-content\/uploads\/2017\/03\/Avaluaci%C3%B3-de-Pol%C3%ADtiques-i-Quadres-de-Comandament.pdf\" target=\"_blank\" rel=\"noreferrer noopener\">2003&nbsp;<strong>Ballart<\/strong>, X. Avaluaci\u00f3 de pol\u00edtiques i quadres de comandament a la Generalitat de Catalunya.&nbsp;<em>Informe Pi i Sunyer sobre l\u2019Administraci\u00f3 de la Generalitat de Catalunya<\/em>. Barcelona: Fundaci\u00f3 Carles Pi i Sunyer d\u2019Estudis Auton\u00f2mics i Locals.<\/a><\/p>\n\n\n\n<p>2000&nbsp;<strong>Ballart<\/strong>, X. La Administraci\u00f3n de un Presidente. Catalu\u00f1a 1980-1997. En Paniagua, J.L.&nbsp;<em>Gobierno y Administraci\u00f3n en las Comunidades Aut\u00f3nomas: Andaluc\u00eda, Canarias, Catalu\u00f1a, Galicia y Pa\u00eds Vasco<\/em>. Madrid: Tecnos.<\/p>\n\n\n\n<p><a href=\"http:\/\/xavierballart.uab.cat\/wp-content\/uploads\/2021\/08\/Modelos-teoricos-para-la-practica-de-la-evaluacion-de-programas.pdf\" target=\"_blank\" rel=\"noreferrer noopener\">1996&nbsp;<strong>Ballart<\/strong>, X. Modelos te\u00f3ricos para la pr\u00e1ctica de la evaluaci\u00f3n de programas. En Brugu\u00e9, Q.; Subirats, J.&nbsp;<em>Lecturas de Gesti\u00f3n P\u00fablica<\/em>, Madrid: Instituto Nacional de Administraci\u00f3n P\u00fablica.<\/a><\/p>\n\n\n\n<p>1993&nbsp;<strong>Ballart<\/strong>, X.; Rami\u00f3, C. La complejidad estructural de la teor\u00eda de la organizaci\u00f3n. En Rami\u00f3, C.; Ballart, X. Lesturas de Teor\u00eda de la Organizaci\u00f3n (2 vol\u00famenes) Madrid: Madrid: Instituto Nacional de Administraci\u00f3n P\u00fablica.<\/p>\n\n\n\n<p><\/p>\n\n\n\n<p><\/p>\n\n\n\n<p><strong>BOOK REVIEWS<\/strong><\/p>\n\n\n\n<p><a href=\"http:\/\/xavierballart.uab.cat\/wp-content\/uploads\/2021\/08\/Book-Review-Transcending-NPM-2008.pdf\" target=\"_blank\" rel=\"noreferrer noopener\">2008 Review of T. Christensen, P. Laegreid. Trascending New Public Management: The Transformation of Public Sector Reforms. In&nbsp;<em>International Public Management Journal<\/em>.<\/a><\/p>\n\n\n\n<p>2008 Review of Josep M. Vall\u00e8s. Una agenda imperfecta: amb Maragall i el projecte de canvi. In&nbsp;<em>Revista Espa\u00f1ola de Ciencia Pol\u00edtica.<\/em><\/p>\n\n\n\n<p><\/p>\n\n\n\n<hr class=\"wp-block-separator\"\/>\n<\/div>\n","protected":false},"excerpt":{"rendered":"<p>BOOKS &nbsp;&nbsp; 2016&nbsp;Ballart, X, Rico G., Ripoll, G.&nbsp;La motivaci\u00f3n en los servicios p\u00fablicos: An\u00e1lisis emp\u00edrico de sus antecedentes y de sus efectos. Madrid : Intituto Nacional de Administraci\u00f3n P\u00fablica. 2012 Vall\u00e8s J.M.;&nbsp;&nbsp;Ballart, X.&nbsp;Pol\u00edtica para Apol\u00edticos. Barcelona: Ariel. 2010&nbsp;Ballart, X.; Monterde, L.&nbsp;Indicadors de Rendiment en la Gesti\u00f3 de la Salut a Catalunya. Barcelona: Generalitat de Catalunya, [&hellip;]<\/p>\n","protected":false},"author":2,"featured_media":0,"parent":0,"menu_order":0,"comment_status":"closed","ping_status":"closed","template":"","meta":{"site-sidebar-layout":"no-sidebar","site-content-layout":"plain-container","ast-site-content-layout":"","site-content-style":"default","site-sidebar-style":"default","ast-global-header-display":"","ast-banner-title-visibility":"","ast-main-header-display":"","ast-hfb-above-header-display":"","ast-hfb-below-header-display":"","ast-hfb-mobile-header-display":"","site-post-title":"disabled","ast-breadcrumbs-content":"","ast-featured-img":"disabled","footer-sml-layout":"","theme-transparent-header-meta":"default","adv-header-id-meta":"","stick-header-meta":"","header-above-stick-meta":"","header-main-stick-meta":"","header-below-stick-meta":"","astra-migrate-meta-layouts":"default","ast-page-background-enabled":"default","ast-page-background-meta":{"desktop":{"background-color":"","background-image":"","background-repeat":"repeat","background-position":"center center","background-size":"auto","background-attachment":"scroll","background-type":"","background-media":"","overlay-type":"","overlay-color":"","overlay-opacity":"","overlay-gradient":""},"tablet":{"background-color":"","background-image":"","background-repeat":"repeat","background-position":"center center","background-size":"auto","background-attachment":"scroll","background-type":"","background-media":"","overlay-type":"","overlay-color":"","overlay-opacity":"","overlay-gradient":""},"mobile":{"background-color":"","background-image":"","background-repeat":"repeat","background-position":"center center","background-size":"auto","background-attachment":"scroll","background-type":"","background-media":"","overlay-type":"","overlay-color":"","overlay-opacity":"","overlay-gradient":""}},"ast-content-background-meta":{"desktop":{"background-color":"var(--ast-global-color-5)","background-image":"","background-repeat":"repeat","background-position":"center center","background-size":"auto","background-attachment":"scroll","background-type":"","background-media":"","overlay-type":"","overlay-color":"","overlay-opacity":"","overlay-gradient":""},"tablet":{"background-color":"var(--ast-global-color-5)","background-image":"","background-repeat":"repeat","background-position":"center center","background-size":"auto","background-attachment":"scroll","background-type":"","background-media":"","overlay-type":"","overlay-color":"","overlay-opacity":"","overlay-gradient":""},"mobile":{"background-color":"var(--ast-global-color-5)","background-image":"","background-repeat":"repeat","background-position":"center center","background-size":"auto","background-attachment":"scroll","background-type":"","background-media":"","overlay-type":"","overlay-color":"","overlay-opacity":"","overlay-gradient":""}},"footnotes":""},"class_list":["post-1984","page","type-page","status-publish","hentry"],"_links":{"self":[{"href":"https:\/\/xavierballart.uab.cat\/index.php?rest_route=\/wp\/v2\/pages\/1984","targetHints":{"allow":["GET"]}}],"collection":[{"href":"https:\/\/xavierballart.uab.cat\/index.php?rest_route=\/wp\/v2\/pages"}],"about":[{"href":"https:\/\/xavierballart.uab.cat\/index.php?rest_route=\/wp\/v2\/types\/page"}],"author":[{"embeddable":true,"href":"https:\/\/xavierballart.uab.cat\/index.php?rest_route=\/wp\/v2\/users\/2"}],"replies":[{"embeddable":true,"href":"https:\/\/xavierballart.uab.cat\/index.php?rest_route=%2Fwp%2Fv2%2Fcomments&post=1984"}],"version-history":[{"count":13,"href":"https:\/\/xavierballart.uab.cat\/index.php?rest_route=\/wp\/v2\/pages\/1984\/revisions"}],"predecessor-version":[{"id":2148,"href":"https:\/\/xavierballart.uab.cat\/index.php?rest_route=\/wp\/v2\/pages\/1984\/revisions\/2148"}],"wp:attachment":[{"href":"https:\/\/xavierballart.uab.cat\/index.php?rest_route=%2Fwp%2Fv2%2Fmedia&parent=1984"}],"curies":[{"name":"wp","href":"https:\/\/api.w.org\/{rel}","templated":true}]}}