{"id":2032,"date":"2021-08-25T20:23:53","date_gmt":"2021-08-25T20:23:53","guid":{"rendered":"https:\/\/xavierballart.uab.cat\/?page_id=2032"},"modified":"2026-02-02T07:23:23","modified_gmt":"2026-02-02T07:23:23","slug":"teaching","status":"publish","type":"page","link":"https:\/\/xavierballart.uab.cat\/?page_id=2032","title":{"rendered":"Teaching"},"content":{"rendered":"\n<div class=\"wp-block-cover alignfull is-position-center-center\" style=\"min-height:450px;aspect-ratio:unset;\"><span aria-hidden=\"true\" class=\"wp-block-cover__background has-black-background-color has-background-dim\"><\/span><img loading=\"lazy\" decoding=\"async\" width=\"1920\" height=\"1080\" class=\"wp-block-cover__image-background wp-image-1906\" alt=\"\" src=\"http:\/\/xavierballart.uab.cat\/wp-content\/uploads\/2021\/07\/Fondo.jpg\" data-object-fit=\"cover\" srcset=\"https:\/\/xavierballart.uab.cat\/wp-content\/uploads\/2021\/07\/Fondo.jpg 1920w, https:\/\/xavierballart.uab.cat\/wp-content\/uploads\/2021\/07\/Fondo-300x169.jpg 300w, https:\/\/xavierballart.uab.cat\/wp-content\/uploads\/2021\/07\/Fondo-1024x576.jpg 1024w, https:\/\/xavierballart.uab.cat\/wp-content\/uploads\/2021\/07\/Fondo-768x432.jpg 768w, https:\/\/xavierballart.uab.cat\/wp-content\/uploads\/2021\/07\/Fondo-1536x864.jpg 1536w\" sizes=\"auto, (max-width: 1920px) 100vw, 1920px\" \/><div class=\"wp-block-cover__inner-container is-layout-flow wp-block-cover-is-layout-flow\">\n<h1 class=\"has-text-align-center has-white-color has-text-color wp-block-heading\"><strong>Teaching<\/strong><\/h1>\n<\/div><\/div>\n\n\n\n<div class=\"wp-block-group alignfull has-background is-layout-flow wp-block-group-is-layout-flow\" style=\"background:linear-gradient(180deg,rgb(255,255,255) 0%,rgb(247,247,247) 100%)\">\n<p><strong>Recent Graduate Courses<\/strong><\/p>\n\n\n\n<ul class=\"wp-block-list\">\n<li>Public Management (English)<\/li>\n\n\n\n<li>Public Management and Public Policy (English)<\/li>\n\n\n\n<li>Public Policy and Evaluation (Spanish \/ Catalan)<\/li>\n\n\n\n<li>Program Evaluation (Spanish \/ Catalan)<\/li>\n<\/ul>\n\n\n\n<p><strong>Recent Undergraduate Courses<\/strong><\/p>\n\n\n\n<ul class=\"wp-block-list\">\n<li>Program Evaluation (Spanish \/ Catalan)<\/li>\n\n\n\n<li>Public Administration and Public Policy (Spanish \/ Catalan)<\/li>\n\n\n\n<li>Comparative Politics (Democratization in the world)&nbsp; (English\/ Spanish \/ Catalan)<\/li>\n<\/ul>\n\n\n\n<hr class=\"wp-block-separator has-css-opacity\"\/>\n\n\n\n<p><strong>Other International Graduate courses taught at:<\/strong><\/p>\n\n\n\n<ul class=\"wp-block-list\">\n<li>Indiana University, 2000<\/li>\n\n\n\n<li>College of Europe, Bruges, 2001-2006<\/li>\n\n\n\n<li>Universit\u00e9 de Montpellier, 2004<\/li>\n\n\n\n<li>IBEI &#8211; Institut Barcelona Estudis Internacionals, 2014-2022 <\/li>\n<\/ul>\n\n\n\n<hr class=\"wp-block-separator has-css-opacity\"\/>\n\n\n\n<p><strong>PUBLIC PERSONNEL TRAINING&nbsp;&nbsp;&nbsp;<\/strong><\/p>\n\n\n\n<p><strong>International<\/strong><\/p>\n\n\n\n<ul class=\"wp-block-list\">\n<li>European Institute Public Administration<\/li>\n\n\n\n<li>Universidad del Pac\u00edfico, Lima, Per\u00fa<\/li>\n\n\n\n<li>IGlobal, Santo Domingo, Rep\u00fablica Dominicana<\/li>\n\n\n\n<li>Universidad Continental, Lima, Per\u00fa<\/li>\n\n\n\n<li>Universidad de los Andes, Bogot\u00e1, Colombia<\/li>\n\n\n\n<li>Universidad Iberoamericana, Mexico DF, Mexico<\/li>\n<\/ul>\n\n\n\n<p><strong>Spain<\/strong><\/p>\n\n\n\n<ul class=\"wp-block-list\">\n<li>Universidad Internacional Men\u00e9ndez y Pelayo<\/li>\n\n\n\n<li>Instituto Nacional de Administraci\u00f3n P\u00fablica. Ministerio de Administraciones P\u00fablicas<\/li>\n\n\n\n<li>Escola Administraci\u00f3 P\u00fablica de Catalunya<\/li>\n\n\n\n<li>Institut Catal\u00e0 d\u2019Avaluaci\u00f3 de Pol\u00edtiques P\u00fabliques<\/li>\n\n\n\n<li>Diputaci\u00f3 de Barcelona<\/li>\n\n\n\n<li>Associaci\u00f3 Catalana de&nbsp; Municipis<\/li>\n\n\n\n<li>Escola Galega de Administraci\u00f3n P\u00fablica<\/li>\n\n\n\n<li>Instituto Vasco de Administraci\u00f3n P\u00fablica<\/li>\n\n\n\n<li>Instituto Andaluz de Administraci\u00f3n P\u00fablica<\/li>\n<\/ul>\n<\/div>\n","protected":false},"excerpt":{"rendered":"<p>Recent Graduate Courses Recent Undergraduate Courses Other International Graduate courses taught at: PUBLIC PERSONNEL TRAINING&nbsp;&nbsp;&nbsp; International Spain<\/p>\n","protected":false},"author":2,"featured_media":0,"parent":0,"menu_order":0,"comment_status":"closed","ping_status":"closed","template":"","meta":{"site-sidebar-layout":"no-sidebar","site-content-layout":"plain-container","ast-site-content-layout":"","site-content-style":"default","site-sidebar-style":"default","ast-global-header-display":"","ast-banner-title-visibility":"","ast-main-header-display":"","ast-hfb-above-header-display":"","ast-hfb-below-header-display":"","ast-hfb-mobile-header-display":"","site-post-title":"disabled","ast-breadcrumbs-content":"","ast-featured-img":"disabled","footer-sml-layout":"","theme-transparent-header-meta":"default","adv-header-id-meta":"","stick-header-meta":"","header-above-stick-meta":"","header-main-stick-meta":"","header-below-stick-meta":"","astra-migrate-meta-layouts":"default","ast-page-background-enabled":"default","ast-page-background-meta":{"desktop":{"background-color":"","background-image":"","background-repeat":"repeat","background-position":"center center","background-size":"auto","background-attachment":"scroll","background-type":"","background-media":"","overlay-type":"","overlay-color":"","overlay-opacity":"","overlay-gradient":""},"tablet":{"background-color":"","background-image":"","background-repeat":"repeat","background-position":"center center","background-size":"auto","background-attachment":"scroll","background-type":"","background-media":"","overlay-type":"","overlay-color":"","overlay-opacity":"","overlay-gradient":""},"mobile":{"background-color":"","background-image":"","background-repeat":"repeat","background-position":"center center","background-size":"auto","background-attachment":"scroll","background-type":"","background-media":"","overlay-type":"","overlay-color":"","overlay-opacity":"","overlay-gradient":""}},"ast-content-background-meta":{"desktop":{"background-color":"var(--ast-global-color-5)","background-image":"","background-repeat":"repeat","background-position":"center center","background-size":"auto","background-attachment":"scroll","background-type":"","background-media":"","overlay-type":"","overlay-color":"","overlay-opacity":"","overlay-gradient":""},"tablet":{"background-color":"var(--ast-global-color-5)","background-image":"","background-repeat":"repeat","background-position":"center center","background-size":"auto","background-attachment":"scroll","background-type":"","background-media":"","overlay-type":"","overlay-color":"","overlay-opacity":"","overlay-gradient":""},"mobile":{"background-color":"var(--ast-global-color-5)","background-image":"","background-repeat":"repeat","background-position":"center center","background-size":"auto","background-attachment":"scroll","background-type":"","background-media":"","overlay-type":"","overlay-color":"","overlay-opacity":"","overlay-gradient":""}},"footnotes":""},"class_list":["post-2032","page","type-page","status-publish","hentry"],"_links":{"self":[{"href":"https:\/\/xavierballart.uab.cat\/index.php?rest_route=\/wp\/v2\/pages\/2032","targetHints":{"allow":["GET"]}}],"collection":[{"href":"https:\/\/xavierballart.uab.cat\/index.php?rest_route=\/wp\/v2\/pages"}],"about":[{"href":"https:\/\/xavierballart.uab.cat\/index.php?rest_route=\/wp\/v2\/types\/page"}],"author":[{"embeddable":true,"href":"https:\/\/xavierballart.uab.cat\/index.php?rest_route=\/wp\/v2\/users\/2"}],"replies":[{"embeddable":true,"href":"https:\/\/xavierballart.uab.cat\/index.php?rest_route=%2Fwp%2Fv2%2Fcomments&post=2032"}],"version-history":[{"count":12,"href":"https:\/\/xavierballart.uab.cat\/index.php?rest_route=\/wp\/v2\/pages\/2032\/revisions"}],"predecessor-version":[{"id":2160,"href":"https:\/\/xavierballart.uab.cat\/index.php?rest_route=\/wp\/v2\/pages\/2032\/revisions\/2160"}],"wp:attachment":[{"href":"https:\/\/xavierballart.uab.cat\/index.php?rest_route=%2Fwp%2Fv2%2Fmedia&parent=2032"}],"curies":[{"name":"wp","href":"https:\/\/api.w.org\/{rel}","templated":true}]}}